{"id":309,"date":"2023-09-18T14:37:26","date_gmt":"2023-09-18T12:37:26","guid":{"rendered":"https:\/\/www.unit.consulting\/?page_id=309"},"modified":"2023-09-26T12:59:15","modified_gmt":"2023-09-26T10:59:15","slug":"home","status":"publish","type":"page","link":"https:\/\/www.unit.consulting\/en\/","title":{"rendered":"Home"},"content":{"rendered":"<div id=\"\" \n             class=\"wp-block-section boxed-view\"\n             style=\"background-color: ; color: #000000;             \">\n            \n            \n            \n                        <div class=\"inner-wrapper\">\n                \n\n<div class=\"wp-block-columns is-layout-flex wp-container-core-columns-is-layout-9d6595d7 wp-block-columns-is-layout-flex\">\n<div class=\"wp-block-column is-layout-flow wp-block-column-is-layout-flow\">\n\n\n\n    <div  class=\"wp-block-text has-normal-font-size boxed-view\">\n\n\n        <h2 class=\"align-left\">You tackle <br \/>\r\nbig changes.<br \/>\r\nWe are there to <br \/>\r\nassist you.<\/h2>                \n\n\n    <\/div>\n\n\n\n<\/div>\n\n\n\n<div class=\"wp-block-column is-layout-flow wp-block-column-is-layout-flow\">\n\n\n\n    <div  class=\"wp-block-text has-normal-font-size boxed-view\">\n\n\n                <p>Managing a company is a daily challenge. If you want to master it, you need reliable partners. Employees, customers, suppliers, shareholders, financiers: They are all central building blocks. But the linchpin is you as entrepreneurs. Your knowledge, skills and experience are the prerequisites for success.<\/p>\n<p>Unit Consulting AG advises entrepreneurs and companies as an independent partner. Our<br \/>\nservices are tailor-made. We provide our clients with personalised and individual consulting, drawing upon<br \/>\nqualified and experienced specialists from all fields.<\/p>\n<p>Get to know us. And find out how we can support you on your path to success.<\/p>\n        \n\n\n    <\/div>\n\n\n\n<\/div>\n<\/div>\n\n\n                <\/div>\n        \n\n        <\/div>\n        \n\n\n            <div id=\"\" \n             class=\"wp-block-section boxed-view\"\n             style=\"background-color: ; color: ;             \">\n            \n            \n            \n                        <div class=\"inner-wrapper\">\n                \n\n\n\n\n    <div  class=\"wp-block-text has-normal-font-size boxed-view\">\n\n\n        <h2 class=\"align-left\">news<\/h2>                \n\n\n    <\/div>\n\n\n\n\n\n<div class=\"wp-block-shortcode\">\n    <div class=\"cpt-news-overview\"><a href=\"https:\/\/www.unit.consulting\/en\/news-archiv\/blog-2026-02-25\/\" class=\"news\"><div class=\"news-image\"><img decoding=\"async\" src=\"https:\/\/www.unit.consulting\/wp-content\/uploads\/2026\/02\/Einlagen-in-Erneuerungsfonds.png\" srcset=\"https:\/\/www.unit.consulting\/wp-content\/uploads\/2026\/02\/Einlagen-in-Erneuerungsfonds.png 1536w, https:\/\/www.unit.consulting\/wp-content\/uploads\/2026\/02\/Einlagen-in-Erneuerungsfonds-300x200.png 300w, https:\/\/www.unit.consulting\/wp-content\/uploads\/2026\/02\/Einlagen-in-Erneuerungsfonds-1024x683.png 1024w, https:\/\/www.unit.consulting\/wp-content\/uploads\/2026\/02\/Einlagen-in-Erneuerungsfonds-768x512.png 768w, https:\/\/www.unit.consulting\/wp-content\/uploads\/2026\/02\/Einlagen-in-Erneuerungsfonds-18x12.png 18w, https:\/\/www.unit.consulting\/wp-content\/uploads\/2026\/02\/Einlagen-in-Erneuerungsfonds-320x213.png 320w, https:\/\/www.unit.consulting\/wp-content\/uploads\/2026\/02\/Einlagen-in-Erneuerungsfonds-375x250.png 375w, https:\/\/www.unit.consulting\/wp-content\/uploads\/2026\/02\/Einlagen-in-Erneuerungsfonds-440x293.png 440w, https:\/\/www.unit.consulting\/wp-content\/uploads\/2026\/02\/Einlagen-in-Erneuerungsfonds-620x413.png 620w, https:\/\/www.unit.consulting\/wp-content\/uploads\/2026\/02\/Einlagen-in-Erneuerungsfonds-800x533.png 800w, https:\/\/www.unit.consulting\/wp-content\/uploads\/2026\/02\/Einlagen-in-Erneuerungsfonds-1400x933.png 1400w\" sizes=\"(max-width: 1000px) 100vw, 1000px\"><\/div><div class=\"news-excerpt\"><h3>Contributions to renovation funds for condominiums<\/h3><div class=\"news-date\">25. February 2026<\/div><p>The abolition of the imputed rental value also brings changes for contributions to renovation funds.<\/p><\/div><div class=\"news-detail-link\">read more<\/div><\/a><a href=\"https:\/\/www.unit.consulting\/en\/news-archiv\/blog-2025-12-23\/\" class=\"news\"><div class=\"news-image\"><img decoding=\"async\" src=\"https:\/\/www.unit.consulting\/wp-content\/uploads\/2025\/12\/IMG_20251219_212007-scaled.jpg\" srcset=\"https:\/\/www.unit.consulting\/wp-content\/uploads\/2025\/12\/IMG_20251219_212007-scaled.jpg 2560w, https:\/\/www.unit.consulting\/wp-content\/uploads\/2025\/12\/IMG_20251219_212007-300x233.jpg 300w, https:\/\/www.unit.consulting\/wp-content\/uploads\/2025\/12\/IMG_20251219_212007-1024x795.jpg 1024w, https:\/\/www.unit.consulting\/wp-content\/uploads\/2025\/12\/IMG_20251219_212007-768x596.jpg 768w, https:\/\/www.unit.consulting\/wp-content\/uploads\/2025\/12\/IMG_20251219_212007-1536x1193.jpg 1536w, https:\/\/www.unit.consulting\/wp-content\/uploads\/2025\/12\/IMG_20251219_212007-2048x1591.jpg 2048w, https:\/\/www.unit.consulting\/wp-content\/uploads\/2025\/12\/IMG_20251219_212007-15x12.jpg 15w, https:\/\/www.unit.consulting\/wp-content\/uploads\/2025\/12\/IMG_20251219_212007-320x249.jpg 320w, https:\/\/www.unit.consulting\/wp-content\/uploads\/2025\/12\/IMG_20251219_212007-375x291.jpg 375w, https:\/\/www.unit.consulting\/wp-content\/uploads\/2025\/12\/IMG_20251219_212007-440x342.jpg 440w, https:\/\/www.unit.consulting\/wp-content\/uploads\/2025\/12\/IMG_20251219_212007-620x482.jpg 620w, https:\/\/www.unit.consulting\/wp-content\/uploads\/2025\/12\/IMG_20251219_212007-800x621.jpg 800w, https:\/\/www.unit.consulting\/wp-content\/uploads\/2025\/12\/IMG_20251219_212007-1400x1087.jpg 1400w\" sizes=\"(max-width: 1000px) 100vw, 1000px\"><\/div><div class=\"news-excerpt\"><h3>Christmas dinner 2025<\/h3><div class=\"news-date\">23. December 2025<\/div><p>The year is drawing to a close \u2013 happy holidays and a happy New Year!<\/p><\/div><div class=\"news-detail-link\">read more<\/div><\/a><a href=\"https:\/\/www.unit.consulting\/en\/news-archiv\/blog-20251210\/\" class=\"news\"><div class=\"news-image\"><img decoding=\"async\" src=\"https:\/\/www.unit.consulting\/wp-content\/uploads\/2025\/12\/IMG_20251208_075640-scaled.jpg\" srcset=\"https:\/\/www.unit.consulting\/wp-content\/uploads\/2025\/12\/IMG_20251208_075640-scaled.jpg 2560w, https:\/\/www.unit.consulting\/wp-content\/uploads\/2025\/12\/IMG_20251208_075640-300x225.jpg 300w, https:\/\/www.unit.consulting\/wp-content\/uploads\/2025\/12\/IMG_20251208_075640-1024x768.jpg 1024w, https:\/\/www.unit.consulting\/wp-content\/uploads\/2025\/12\/IMG_20251208_075640-768x576.jpg 768w, https:\/\/www.unit.consulting\/wp-content\/uploads\/2025\/12\/IMG_20251208_075640-1536x1152.jpg 1536w, https:\/\/www.unit.consulting\/wp-content\/uploads\/2025\/12\/IMG_20251208_075640-2048x1536.jpg 2048w, https:\/\/www.unit.consulting\/wp-content\/uploads\/2025\/12\/IMG_20251208_075640-16x12.jpg 16w, https:\/\/www.unit.consulting\/wp-content\/uploads\/2025\/12\/IMG_20251208_075640-320x240.jpg 320w, https:\/\/www.unit.consulting\/wp-content\/uploads\/2025\/12\/IMG_20251208_075640-375x281.jpg 375w, https:\/\/www.unit.consulting\/wp-content\/uploads\/2025\/12\/IMG_20251208_075640-440x330.jpg 440w, https:\/\/www.unit.consulting\/wp-content\/uploads\/2025\/12\/IMG_20251208_075640-620x465.jpg 620w, https:\/\/www.unit.consulting\/wp-content\/uploads\/2025\/12\/IMG_20251208_075640-800x600.jpg 800w, https:\/\/www.unit.consulting\/wp-content\/uploads\/2025\/12\/IMG_20251208_075640-1400x1050.jpg 1400w\" sizes=\"(max-width: 1000px) 100vw, 1000px\"><\/div><div class=\"news-excerpt\"><h3>Opening hours during the holiday season<\/h3><div class=\"news-date\">10. December 2025<\/div><p>Unit Consulting AG wishes you a joyful Advent season! <\/p><\/div><div class=\"news-detail-link\">read more<\/div><\/a><\/div>\n    <\/div>\n\n                <\/div>\n        \n\n        <\/div>","protected":false},"excerpt":{"rendered":"","protected":false},"author":1,"featured_media":0,"parent":0,"menu_order":0,"comment_status":"closed","ping_status":"closed","template":"templates\/page_StartPage.php","meta":{"_acf_changed":false,"footnotes":""},"class_list":["post-309","page","type-page","status-publish","hentry"],"acf":{"medienart":"slider-style","slider-einstellungen":{"slider-autoplay":false},"video":{"videoart":false,"lokales_video":null,"youtube-id":"","vimeo":"","video-einstellungen":false},"slider":[{"bild":632,"x-bildposition":"center","y-bildposition":"center","slider-text":"Laufende Kontrolle bedeutet Sicherheit. Auch f\u00fcr ein Unternehmen."},{"bild":622,"x-bildposition":"center","y-bildposition":"center","slider-text":"Fr\u00fchzeitige Planung sichert die Zukunft. Auch f\u00fcr ein Unternehmen. "},{"bild":621,"x-bildposition":"center","y-bildposition":"center","slider-text":"Investitionen schaffen M\u00f6glichkeiten. Auch f\u00fcr ein Unternehmen. "},{"bild":620,"x-bildposition":"center","y-bildposition":"center","slider-text":"Umfassende Planung verhindert Fallstricke. Auch f\u00fcr ein Unternehmen. "},{"bild":619,"x-bildposition":"center","y-bildposition":"center","slider-text":"Besser werden ist immer m\u00f6glich. Auch f\u00fcr ein Unternehmen. "},{"bild":618,"x-bildposition":"center","y-bildposition":"center","slider-text":"Professionelle F\u00fchrung ist zentral. Auch f\u00fcr ein Unternehmen."},{"bild":617,"x-bildposition":"center","y-bildposition":"center","slider-text":"Gesundheit ist das wichtigste Gut. Auch f\u00fcr ein Unternehmen. "},{"bild":616,"x-bildposition":"center","y-bildposition":"center","slider-text":"Guter Rat ist Gold wert. Auch f\u00fcr ein Unternehmen. "}],"einzelnes_bild":[{"bild":319}],"benutzerdefinierter_titel":"Laufende Kontrolle bedeutet Sicherheit. Auch f\u00fcr ein Unternehmen.","hyphens":false,"titelausrichtung":"align-center","titelfarbe":"","text":"","schriftgrosse":"has-normal-font-size","hintergrundfarbe":"","schriftfarbe":"rgb(255,255,255)","anzeigebreite":"boxed-view","ausrichtung_textblock":"","anzeige_titelei_&_einleitungstext":true,"headerhohe":"proportional","experteneinstellung":false,"meta-titel":"Unternehmensberatung Unit Consulting AG ","meta-beschreibung":"Die Unit Consulting AG begleitet Unternehmer und Unternehmen als unabh\u00e4ngiger Partner und betreut ihre Kunden pers\u00f6nlich und individuell.","opengraph-bild":"","indexierung":""},"_links":{"self":[{"href":"https:\/\/www.unit.consulting\/en\/wp-json\/wp\/v2\/pages\/309","targetHints":{"allow":["GET"]}}],"collection":[{"href":"https:\/\/www.unit.consulting\/en\/wp-json\/wp\/v2\/pages"}],"about":[{"href":"https:\/\/www.unit.consulting\/en\/wp-json\/wp\/v2\/types\/page"}],"author":[{"embeddable":true,"href":"https:\/\/www.unit.consulting\/en\/wp-json\/wp\/v2\/users\/1"}],"replies":[{"embeddable":true,"href":"https:\/\/www.unit.consulting\/en\/wp-json\/wp\/v2\/comments?post=309"}],"version-history":[{"count":2,"href":"https:\/\/www.unit.consulting\/en\/wp-json\/wp\/v2\/pages\/309\/revisions"}],"predecessor-version":[{"id":1024,"href":"https:\/\/www.unit.consulting\/en\/wp-json\/wp\/v2\/pages\/309\/revisions\/1024"}],"wp:attachment":[{"href":"https:\/\/www.unit.consulting\/en\/wp-json\/wp\/v2\/media?parent=309"}],"curies":[{"name":"wp","href":"https:\/\/api.w.org\/{rel}","templated":true}]}}